{"id":78,"date":"2018-10-11T13:22:01","date_gmt":"2018-10-11T13:22:01","guid":{"rendered":"https:\/\/www.portaldemarketing.ase.ro\/finalizarestudii\/?page_id=78"},"modified":"2023-09-28T12:00:20","modified_gmt":"2023-09-28T09:00:20","slug":"imprima_cererea_2019_master","status":"publish","type":"page","link":"https:\/\/www.portaldemarketing.ase.ro\/finalizarestudii\/?page_id=78","title":{"rendered":"Imprima_cererea_master"},"content":{"rendered":"<p style=\"text-align: center;\"><\/p>\n<p><div align=\"left\" class=\"style1\">Academia de Studii Economice din Bucure\u015fti<br \/>Facultatea de Marketing<\/div><\/p>\r\n<br>\r\n<br>\r\n<br>\r\n<p><div align=\"center\" class=\"style2\"><b>Doamn\u0103 Decan<\/b>,<\/div><\/p>\r\n<br>\r\n<br><p><div align='justify' class='style3'>\u00a0\u00a0\u00a0\u00a0\u00a0\u00a0\u00a0Subsemnata(ul) <b>Studenta Studioas\u0103<\/b>, student(\u0103) \u00een cadrul programului de master <b>Cercetari de Marketing<\/b>, promo\u0163ia <b>_________<\/b>, forma de \u00eenv\u0103\u021b\u0103m\u00e2nt <b>cu frecven\u021b\u0103<\/b>, program de studiu \u00een limba <b>__________________<\/b>, v\u0103 rog s\u0103 binevoi\u0163i a-mi aproba alegerea temei \u015fi a profesorului \u00eendrum\u0103tor, \u00een vederea sus\u0163inerii <b>examenului de diserta\u021bie<\/b> pentru sesiunea <b>Iulie 2026<\/b>.<br>\r\n\u00a0\u00a0\u00a0\u00a0\u00a0\u00a0\u00a0Titlul lucr\u0103rii de diserta\u021bie este <b>Nu v-a\u021bi autentificat!<\/b>,<br>\r\n\u00a0\u00a0\u00a0\u00a0\u00a0\u00a0\u00a0fiind coordonat\u0103 de Prof. Univ. Dr. <b>Profesor de prob\u0103<\/b><\/div><\/p>\r\n<br>\r\n<br>\r\n<br>\r\n    <p><span class='style3'>Aviz \u00eendrum\u0103tor:_____________________<\/span><\/p>\r\n    <p><div align='left' class='style3'>Data,<br>2025-07-01 17:40:09<\/div><\/p>\r\n    <p><div align='right' class='style3'>Semn\u0103tur\u0103 student(\u0103),<br>....................................................<br>\r\nE-mail: injugaurssteganiamadalina@ase.ro<br>\r\nTelefon: 0213191900<\/div><\/p>\r\n<br>\r\n<br>\r\n<br>\r\n    <p><div align='center' class='style2'>Doamnei Decan al Facult\u0103\u0163ii de Marketing<\/div><\/p>\n","protected":false},"excerpt":{"rendered":"","protected":false},"author":62,"featured_media":171,"parent":0,"menu_order":0,"comment_status":"closed","ping_status":"closed","template":"","meta":{"footnotes":""},"class_list":["post-78","page","type-page","status-publish","has-post-thumbnail","hentry"],"_links":{"self":[{"href":"https:\/\/www.portaldemarketing.ase.ro\/finalizarestudii\/index.php?rest_route=\/wp\/v2\/pages\/78","targetHints":{"allow":["GET"]}}],"collection":[{"href":"https:\/\/www.portaldemarketing.ase.ro\/finalizarestudii\/index.php?rest_route=\/wp\/v2\/pages"}],"about":[{"href":"https:\/\/www.portaldemarketing.ase.ro\/finalizarestudii\/index.php?rest_route=\/wp\/v2\/types\/page"}],"author":[{"embeddable":true,"href":"https:\/\/www.portaldemarketing.ase.ro\/finalizarestudii\/index.php?rest_route=\/wp\/v2\/users\/62"}],"replies":[{"embeddable":true,"href":"https:\/\/www.portaldemarketing.ase.ro\/finalizarestudii\/index.php?rest_route=%2Fwp%2Fv2%2Fcomments&post=78"}],"version-history":[{"count":4,"href":"https:\/\/www.portaldemarketing.ase.ro\/finalizarestudii\/index.php?rest_route=\/wp\/v2\/pages\/78\/revisions"}],"predecessor-version":[{"id":487,"href":"https:\/\/www.portaldemarketing.ase.ro\/finalizarestudii\/index.php?rest_route=\/wp\/v2\/pages\/78\/revisions\/487"}],"wp:featuredmedia":[{"embeddable":true,"href":"https:\/\/www.portaldemarketing.ase.ro\/finalizarestudii\/index.php?rest_route=\/wp\/v2\/media\/171"}],"wp:attachment":[{"href":"https:\/\/www.portaldemarketing.ase.ro\/finalizarestudii\/index.php?rest_route=%2Fwp%2Fv2%2Fmedia&parent=78"}],"curies":[{"name":"wp","href":"https:\/\/api.w.org\/{rel}","templated":true}]}}