{"id":5,"date":"2018-09-25T16:29:05","date_gmt":"2018-09-25T13:29:05","guid":{"rendered":"https:\/\/www.portaldemarketing.ase.ro\/finalizarestudii\/?page_id=5"},"modified":"2025-09-24T21:02:46","modified_gmt":"2025-09-24T18:02:46","slug":"5-2","status":"publish","type":"page","link":"https:\/\/www.portaldemarketing.ase.ro\/finalizarestudii\/","title":{"rendered":"^"},"content":{"rendered":"\n<p class=\"has-text-align-center has-regular-font-size\"><span data-mce-type=\"bookmark\" class=\"mce_SELRES_start\" style=\"display: inline-block; width: 0px; overflow: hidden; line-height: 0;\"><\/span><strong>\u00cen aten\u021bia studen\u021bilor din anii terminali ai programelor de licen\u021b\u0103 \u0219i de masterat ai Facult\u0103\u021bii de Marketing din Academia de Studii Economice din Bucure\u0219ti<\/strong><\/p>\n<p><br>&nbsp;<\/p>\n\n\n\n<p class=\"has-text-align-center has-text-color has-large-font-size\" style=\"color:#cc0000\">Pentru anul universitar 2025-2026, alegerea temelor de finalizare a studiilor \u0219i a profesorilor \u00eendrum\u0103tori va fi posibil\u0103 \u00eencep\u00e2nd de <strong>Miercuri, 01 octombrie 2025, ora 12:00<\/strong> (miezul zilei).<\/p>\n<p><br>&nbsp;<\/p>\n\n\n\n<p class=\"has-text-align-center has-regular-font-size\">Conturile de acces pe platforma pentru finalizarea studiilor sunt active \u00eencep\u00e2nd cu <strong> 02 iulie 2025<\/strong>.<\/p>\n\n\n\n<p class=\"has-text-align-center has-regular-font-size\">Autentificarea asigur\u0103 accesul la formularul de alegere a temei de Licen\u021b\u0103\/Diserta\u021bie \u0219i a profesorului \u00eendrum\u0103tor pentru sesiunea iulie 2026.<\/p>\n<p><br>&nbsp;<\/p>\n\n\n\n<p class=\"has-text-align-left has-accent-1-color has-text-color has-large-font-size\">Conturile de acces sunt configurate \u00een felul urm\u0103tor: <br>Utilizator*: numele de familie, initialele prenumelor tat\u0103lui, toate prenumele studentului (litere mici, f\u0103r\u0103 diacritice, f\u0103r\u0103 spa\u021bii, f\u0103r\u0103 cratime). <br>Exemplu: <strong>\u00cenjug\u0103urs N. A. \u0218. \u0218tefania-M\u0103d\u0103lina<\/strong> va avea contul <strong>injugaursnasstefaniamadalina <\/strong><br>Parola ini\u021bial\u0103: CNP-ul.<\/p>\n<p><br>&nbsp;<\/p>\n<p class=\"has-text-align-justify has-accent-1-color has-text-color has-regular-font-size\"><br>*Trei excep\u021bii de la regula de formare a numelui de utilizator \u0219i a parolei aferente se aplic\u0103 \u00een felul urm\u0103tor.<br><br>\nPrima excep\u021bie: \u00eentruc\u00e2t din actele prezentate la admitere nu a putut fi identificat prenumele tat\u0103lui, numele de utilizator este format doar din numele de familie \u0219i toate prenumele studentului (litere mici, f\u0103r\u0103 diacritice, f\u0103r\u0103 spa\u021bii, f\u0103r\u0103 cratime).<br><br>\nA doua excep\u021bie: pentru studen\u021bii care \u00een momentul admiterii \u00een Facultate nu aveau cet\u0103\u021benie rom\u00e2n\u0103 \u0219i implicit nici CNP rom\u00e2nesc, la admitere le-a fost creat un CNP \u00een felul urm\u0103tor: prima cifr\u0103 indic\u0103 sexul persoanei (poate s\u0103 fie 7 sau 8), urm\u0103toarele 6 cifre indic\u0103 data na\u0219terii (Anul Anul Luna Luna Ziua Ziua), iar ultimele 6 cifre sunt 5 zerouri (00000) \u0219i una urm\u0103toarele cifre 0, 1, 2, 3, 4, 7 sau 8.<br><br>\nA treia excep\u021bie: pentru studen\u021bii care \u00een momentul admiterii \u00een Facultate nu aveau cet\u0103\u021benie rom\u00e2n\u0103 \u0219i implicit nici CNP rom\u00e2nesc, iar la admitere nu le-a fost creat un CNP, parola este num\u0103rul pa\u0219aportului (f\u0103r\u0103 litere, doar numere).<\/p>\n<p><br>&nbsp;<\/p>\n\n\n\n<p class=\"has-text-align-center has-regular-font-size\">Pentru orice aspecte tehnice, contacta\u021bi-ne la adresa de e-mail  <a href=\"mailto:luciano@ase.ro\">luciano@ase.ro<\/a><\/p>\n<p><br>&nbsp;<\/p>\n\n\n<div class=\"wp-block-image\">\n<figure class=\"aligncenter\"><img loading=\"lazy\" decoding=\"async\" width=\"300\" height=\"134\" src=\"https:\/\/www.portaldemarketing.ase.ro\/finalizarestudii\/wp-content\/uploads\/logo_mk-300x134.png\" alt=\"\" class=\"wp-image-106\" srcset=\"https:\/\/www.portaldemarketing.ase.ro\/finalizarestudii\/wp-content\/uploads\/logo_mk-300x134.png 300w, https:\/\/www.portaldemarketing.ase.ro\/finalizarestudii\/wp-content\/uploads\/logo_mk-446x200.png 446w, https:\/\/www.portaldemarketing.ase.ro\/finalizarestudii\/wp-content\/uploads\/logo_mk.png 509w\" sizes=\"auto, (max-width: 300px) 100vw, 300px\" \/><\/figure><\/div>","protected":false},"excerpt":{"rendered":"<p>\u00cen aten\u021bia studen\u021bilor din anii terminali ai programelor de licen\u021b\u0103 \u0219i de masterat ai Facult\u0103\u021bii de Marketing din Academia de Studii Economice din Bucure\u0219ti &nbsp; Pentru anul universitar 2025-2026, alegerea temelor de finalizare a studiilor \u0219i a profesorilor \u00eendrum\u0103tori va fi posibil\u0103 \u00eencep\u00e2nd de Miercuri, 01 octombrie 2025, ora 12:00 &hellip;<\/p>\n","protected":false},"author":62,"featured_media":0,"parent":0,"menu_order":0,"comment_status":"closed","ping_status":"closed","template":"","meta":{"footnotes":""},"class_list":["post-5","page","type-page","status-publish","hentry"],"_links":{"self":[{"href":"https:\/\/www.portaldemarketing.ase.ro\/finalizarestudii\/index.php?rest_route=\/wp\/v2\/pages\/5","targetHints":{"allow":["GET"]}}],"collection":[{"href":"https:\/\/www.portaldemarketing.ase.ro\/finalizarestudii\/index.php?rest_route=\/wp\/v2\/pages"}],"about":[{"href":"https:\/\/www.portaldemarketing.ase.ro\/finalizarestudii\/index.php?rest_route=\/wp\/v2\/types\/page"}],"author":[{"embeddable":true,"href":"https:\/\/www.portaldemarketing.ase.ro\/finalizarestudii\/index.php?rest_route=\/wp\/v2\/users\/62"}],"replies":[{"embeddable":true,"href":"https:\/\/www.portaldemarketing.ase.ro\/finalizarestudii\/index.php?rest_route=%2Fwp%2Fv2%2Fcomments&post=5"}],"version-history":[{"count":81,"href":"https:\/\/www.portaldemarketing.ase.ro\/finalizarestudii\/index.php?rest_route=\/wp\/v2\/pages\/5\/revisions"}],"predecessor-version":[{"id":607,"href":"https:\/\/www.portaldemarketing.ase.ro\/finalizarestudii\/index.php?rest_route=\/wp\/v2\/pages\/5\/revisions\/607"}],"wp:attachment":[{"href":"https:\/\/www.portaldemarketing.ase.ro\/finalizarestudii\/index.php?rest_route=%2Fwp%2Fv2%2Fmedia&parent=5"}],"curies":[{"name":"wp","href":"https:\/\/api.w.org\/{rel}","templated":true}]}}