{"id":161,"date":"2018-10-15T08:46:49","date_gmt":"2018-10-15T08:46:49","guid":{"rendered":"https:\/\/www.portaldemarketing.ase.ro\/finalizarestudii\/?page_id=161"},"modified":"2025-06-30T18:19:41","modified_gmt":"2025-06-30T15:19:41","slug":"program-consultatii","status":"publish","type":"page","link":"https:\/\/www.portaldemarketing.ase.ro\/finalizarestudii\/?page_id=161","title":{"rendered":"Program consulta\u021bii"},"content":{"rendered":"<p style=\"text-align: justify;\">Programul consulta\u021biilor se stabile\u0219te personalizat, de comun acord cu profesorul (zi, or\u0103, e-mail, videoconferin\u021b\u0103 sau \u00een campus). Pute\u021bi accesa programul actualizat la acest <a href=\"https:\/\/www.portaldemarketing.ase.ro\/finalizarestudii\/doc\/consultatii.pdf\" target=\"_blank\" rel=\"noopener\">link<\/a> (ultima actualizare &#8211; 26 sep 2024).<\/p>\n<p style=\"text-align: justify;\">Consulta\u021biile se pot programa pe parcursul celor 14 s\u0103pt\u0103m\u00e2ni de activitate didactic\u0103 din semestrele I \u0219i II. Sunt excluse zilele libere, vacan\u021bele de Cr\u0103ciun \u0219i Pa\u0219ti, perioadele sesiunilor de examinare \u0219i vacan\u021bele de dup\u0103 sesiune, conform <a href=\"https:\/\/consilierstudenti.ase.ro\/calendarul-studentului-2024-2025\/\" target=\"_blank\" rel=\"noopener\">Graficului calendarului studentului<\/a>.<\/p>\n\n\n<p><\/p>\n","protected":false},"excerpt":{"rendered":"<p>Programul consulta\u021biilor se stabile\u0219te personalizat, de comun acord cu profesorul (zi, or\u0103, e-mail, videoconferin\u021b\u0103 sau \u00een campus). Pute\u021bi accesa programul actualizat la acest link (ultima actualizare &#8211; 26 sep 2024). Consulta\u021biile se pot programa pe parcursul celor 14 s\u0103pt\u0103m\u00e2ni de activitate didactic\u0103 din semestrele I \u0219i II. Sunt excluse zilele &hellip;<\/p>\n","protected":false},"author":62,"featured_media":0,"parent":0,"menu_order":0,"comment_status":"closed","ping_status":"closed","template":"","meta":{"footnotes":""},"class_list":["post-161","page","type-page","status-publish","hentry"],"_links":{"self":[{"href":"https:\/\/www.portaldemarketing.ase.ro\/finalizarestudii\/index.php?rest_route=\/wp\/v2\/pages\/161","targetHints":{"allow":["GET"]}}],"collection":[{"href":"https:\/\/www.portaldemarketing.ase.ro\/finalizarestudii\/index.php?rest_route=\/wp\/v2\/pages"}],"about":[{"href":"https:\/\/www.portaldemarketing.ase.ro\/finalizarestudii\/index.php?rest_route=\/wp\/v2\/types\/page"}],"author":[{"embeddable":true,"href":"https:\/\/www.portaldemarketing.ase.ro\/finalizarestudii\/index.php?rest_route=\/wp\/v2\/users\/62"}],"replies":[{"embeddable":true,"href":"https:\/\/www.portaldemarketing.ase.ro\/finalizarestudii\/index.php?rest_route=%2Fwp%2Fv2%2Fcomments&post=161"}],"version-history":[{"count":20,"href":"https:\/\/www.portaldemarketing.ase.ro\/finalizarestudii\/index.php?rest_route=\/wp\/v2\/pages\/161\/revisions"}],"predecessor-version":[{"id":581,"href":"https:\/\/www.portaldemarketing.ase.ro\/finalizarestudii\/index.php?rest_route=\/wp\/v2\/pages\/161\/revisions\/581"}],"wp:attachment":[{"href":"https:\/\/www.portaldemarketing.ase.ro\/finalizarestudii\/index.php?rest_route=%2Fwp%2Fv2%2Fmedia&parent=161"}],"curies":[{"name":"wp","href":"https:\/\/api.w.org\/{rel}","templated":true}]}}