{"id":5,"date":"2018-09-24T16:12:19","date_gmt":"2018-09-24T16:12:19","guid":{"rendered":"https:\/\/www.portaldemarketing.ase.ro\/departamentuldemarketing\/?page_id=5"},"modified":"2025-06-30T22:29:31","modified_gmt":"2025-06-30T19:29:31","slug":"prima-pagina","status":"publish","type":"page","link":"https:\/\/www.portaldemarketing.ase.ro\/departamentuldemarketing\/","title":{"rendered":"^"},"content":{"rendered":"<p><img loading=\"lazy\" decoding=\"async\" class=\"size-medium wp-image-101 aligncenter\" src=\"https:\/\/www.portaldemarketing.ase.ro\/departamentuldemarketing\/wp-content\/uploads\/dmrk-300x300.png\" alt=\"\" width=\"300\" height=\"300\" srcset=\"https:\/\/www.portaldemarketing.ase.ro\/departamentuldemarketing\/wp-content\/uploads\/dmrk-300x300.png 300w, https:\/\/www.portaldemarketing.ase.ro\/departamentuldemarketing\/wp-content\/uploads\/dmrk-150x150.png 150w, https:\/\/www.portaldemarketing.ase.ro\/departamentuldemarketing\/wp-content\/uploads\/dmrk.png 326w\" sizes=\"auto, (max-width: 300px) 100vw, 300px\" \/><\/p>\n<p style=\"text-align: justify;\"><strong>Autentificare pentru Alegerea Temei \u0219i Profesorului Coordonator<\/strong><br \/>\nStima\u021bi studen\u021bi,<br \/>\nPentru a v\u0103 autentifica pe site \u0219i a alege tema de finalizare a studiilor, precum \u0219i profesorul coordonator, v\u0103 rug\u0103m s\u0103 folosi\u021bi urm\u0103torul link.: <a href=\"https:\/\/www.portaldemarketing.ase.ro\/finalizarestudii\" target=\"_self\">www.portaldemarketing.ase.ro\/finalizarestudii<\/a><\/p>\n","protected":false},"excerpt":{"rendered":"<p>Autentificare pentru Alegerea Temei \u0219i Profesorului Coordonator Stima\u021bi studen\u021bi, Pentru a v\u0103 autentifica pe site \u0219i a alege tema de finalizare a studiilor, precum \u0219i profesorul coordonator, v\u0103 rug\u0103m s\u0103 folosi\u021bi urm\u0103torul link.: www.portaldemarketing.ase.ro\/finalizarestudii<\/p>\n","protected":false},"author":62,"featured_media":0,"parent":0,"menu_order":0,"comment_status":"closed","ping_status":"closed","template":"","meta":{"footnotes":""},"class_list":["post-5","page","type-page","status-publish","hentry"],"_links":{"self":[{"href":"https:\/\/www.portaldemarketing.ase.ro\/departamentuldemarketing\/index.php?rest_route=\/wp\/v2\/pages\/5","targetHints":{"allow":["GET"]}}],"collection":[{"href":"https:\/\/www.portaldemarketing.ase.ro\/departamentuldemarketing\/index.php?rest_route=\/wp\/v2\/pages"}],"about":[{"href":"https:\/\/www.portaldemarketing.ase.ro\/departamentuldemarketing\/index.php?rest_route=\/wp\/v2\/types\/page"}],"author":[{"embeddable":true,"href":"https:\/\/www.portaldemarketing.ase.ro\/departamentuldemarketing\/index.php?rest_route=\/wp\/v2\/users\/62"}],"replies":[{"embeddable":true,"href":"https:\/\/www.portaldemarketing.ase.ro\/departamentuldemarketing\/index.php?rest_route=%2Fwp%2Fv2%2Fcomments&post=5"}],"version-history":[{"count":31,"href":"https:\/\/www.portaldemarketing.ase.ro\/departamentuldemarketing\/index.php?rest_route=\/wp\/v2\/pages\/5\/revisions"}],"predecessor-version":[{"id":601,"href":"https:\/\/www.portaldemarketing.ase.ro\/departamentuldemarketing\/index.php?rest_route=\/wp\/v2\/pages\/5\/revisions\/601"}],"wp:attachment":[{"href":"https:\/\/www.portaldemarketing.ase.ro\/departamentuldemarketing\/index.php?rest_route=%2Fwp%2Fv2%2Fmedia&parent=5"}],"curies":[{"name":"wp","href":"https:\/\/api.w.org\/{rel}","templated":true}]}}